{"id":242331,"date":"2022-04-28T00:22:43","date_gmt":"2022-04-28T00:22:43","guid":{"rendered":"https:\/\/ihmedellin.com\/es\/about-us\/"},"modified":"2022-05-08T22:44:33","modified_gmt":"2022-05-08T22:44:33","slug":"nosotros","status":"publish","type":"page","link":"https:\/\/ihmedellin.com\/es\/nosotros\/","title":{"rendered":"nosotros"},"content":{"rendered":"<p>[et_pb_section fb_built=\u00bb1&#8243; fullwidth=\u00bbon\u00bb _builder_version=\u00bb4.17.3&#8243; _module_preset=\u00bbdefault\u00bb global_colors_info=\u00bb{}\u00bb][et_pb_fullwidth_slider _builder_version=\u00bb4.17.3&#8243; _module_preset=\u00bbdefault\u00bb header_font=\u00bb|600|||||||\u00bb header_font_size=\u00bb59px\u00bb background_image=\u00bbhttp:\/\/ihmedellin.com\/wp-content\/uploads\/2016\/06\/explore-tourism-medellin.jpg\u00bb global_colors_info=\u00bb{}\u00bb][et_pb_slide heading=\u00bbSobre Nosotros\u00bb _builder_version=\u00bb4.17.3&#8243; _module_preset=\u00bbdefault\u00bb background_color=\u00bb#FFFFFF\u00bb background_enable_color=\u00bbon\u00bb background_image=\u00bbhttp:\/\/ihmedellin.com\/wp-content\/uploads\/2022\/05\/explore-tourism-medellin.jpg\u00bb background_enable_image=\u00bbon\u00bb global_colors_info=\u00bb{}\u00bb sticky_transition=\u00bbon\u00bb]CON\u00d3CENOS[\/et_pb_slide][\/et_pb_fullwidth_slider][\/et_pb_section][et_pb_section fb_built=\u00bb1&#8243; _builder_version=\u00bb4.17.3&#8243; _module_preset=\u00bbdefault\u00bb background_color=\u00bb#000000&#8243; global_colors_info=\u00bb{}\u00bb][et_pb_row _builder_version=\u00bb4.17.3&#8243; _module_preset=\u00bbdefault\u00bb max_width=\u00bb1920px\u00bb global_colors_info=\u00bb{}\u00bb][et_pb_column type=\u00bb4_4&#8243; _builder_version=\u00bb4.17.3&#8243; _module_preset=\u00bbdefault\u00bb global_colors_info=\u00bb{}\u00bb][et_pb_text _builder_version=\u00bb4.17.3&#8243; _module_preset=\u00bbdefault\u00bb global_colors_info=\u00bb{}\u00bb]<\/p>\n<h1 style=\"text-align: center; font-weight: 600 !important; font-size: 40px; font-family: 'Cantata One'; color: #c8a74f;\">Sobre International House Medellin<\/h1>\n<p>[\/et_pb_text][\/et_pb_column][\/et_pb_row][et_pb_row column_structure=\u00bb1_2,1_2&#8243; _builder_version=\u00bb4.17.3&#8243; _module_preset=\u00bbdefault\u00bb max_width=\u00bb1920px\u00bb global_colors_info=\u00bb{}\u00bb][et_pb_column type=\u00bb1_2&#8243; _builder_version=\u00bb4.17.3&#8243; _module_preset=\u00bbdefault\u00bb global_colors_info=\u00bb{}\u00bb][et_pb_text _builder_version=\u00bb4.17.3&#8243; _module_preset=\u00bbdefault\u00bb global_colors_info=\u00bb{}\u00bb]<\/p>\n<p style=\"color: #ffffff; font-size: 16px;\">El propietario ha vivido y trabajado en Italia, Israel, Jap\u00f3n y Cuba, y ahora 12 a\u00f1os en Colombia y puede ofrecer muchos consejos sobre Medell\u00edn. A 10 minutos a pie encontrar\u00e1 clases de espa\u00f1ol y salsa.<\/p>\n<p style=\"color: #ffffff; font-size: 16px;\">Podemos ayudarle a reservar cualquiera de los dos tours de Pablo Escobar, un tour gratis a pie, una visita a una f\u00e1brica de cerveza local, as\u00ed como parapente y excursiones sitios tur\u00edsticos cercanos como Guatape, Santa Fe de Antioquia y R\u00edo Claro.<\/p>\n<p style=\"color: #ffffff; font-size: 16px;\">Lo mejor de todo es que somos un hostal amistoso y hogare\u00f1o, que pertenece y es dirigido por un viajero como t\u00fa.<\/p>\n<p>[\/et_pb_text][\/et_pb_column][et_pb_column type=\u00bb1_2&#8243; _builder_version=\u00bb4.17.3&#8243; _module_preset=\u00bbdefault\u00bb global_colors_info=\u00bb{}\u00bb][et_pb_image src=\u00bbhttp:\/\/ihmedellin.com\/wp-content\/uploads\/2022\/05\/foto-joel.png\u00bb title_text=\u00bbfoto-joel\u00bb _builder_version=\u00bb4.17.3&#8243; _module_preset=\u00bbdefault\u00bb max_width=\u00bb50%\u00bb max_height=\u00bb50%\u00bb global_colors_info=\u00bb{}\u00bb][\/et_pb_image][\/et_pb_column][\/et_pb_row][\/et_pb_section][et_pb_section fb_built=\u00bb1&#8243; _builder_version=\u00bb4.17.3&#8243; _module_preset=\u00bbdefault\u00bb background_color=\u00bb#FFFFFF\u00bb global_colors_info=\u00bb{}\u00bb][et_pb_row _builder_version=\u00bb4.17.3&#8243; _module_preset=\u00bbdefault\u00bb background_color=\u00bb#FFFFFF\u00bb max_width=\u00bb1920px\u00bb global_colors_info=\u00bb{}\u00bb][et_pb_column type=\u00bb4_4&#8243; _builder_version=\u00bb4.17.3&#8243; _module_preset=\u00bbdefault\u00bb global_colors_info=\u00bb{}\u00bb][et_pb_text _builder_version=\u00bb4.17.3&#8243; _module_preset=\u00bbdefault\u00bb background_color=\u00bb#c8a74f\u00bb global_colors_info=\u00bb{}\u00bb]<\/p>\n<h2 style=\"text-align: center; font-weight: 600 !important; font-size: 50px;font-family: 'Cantata One'; color: #ffffff;\">Alojamiento en Medell\u00edn para individuos o grupos.<\/h2>\n<p>[\/et_pb_text][\/et_pb_column][\/et_pb_row][et_pb_row _builder_version=\u00bb4.17.3&#8243; _module_preset=\u00bbdefault\u00bb max_width=\u00bb1920px\u00bb global_colors_info=\u00bb{}\u00bb][et_pb_column type=\u00bb4_4&#8243; _builder_version=\u00bb4.17.3&#8243; _module_preset=\u00bbdefault\u00bb global_colors_info=\u00bb{}\u00bb][et_pb_image src=\u00bbhttp:\/\/ihmedellin.com\/wp-content\/uploads\/2022\/05\/airbnb-photos-link_ES.jpg\u00bb title_text=\u00bbairbnb-photos-link_ES\u00bb url=\u00bbhttps:\/\/www.airbnb.com.co\/rooms\/42387659&#8243; url_new_window=\u00bbon\u00bb _builder_version=\u00bb4.17.3&#8243; _module_preset=\u00bbdefault\u00bb global_colors_info=\u00bb{}\u00bb][\/et_pb_image][\/et_pb_column][\/et_pb_row][et_pb_row column_structure=\u00bb1_3,1_3,1_3&#8243; _builder_version=\u00bb4.17.3&#8243; _module_preset=\u00bbdefault\u00bb max_width=\u00bb1920px\u00bb global_colors_info=\u00bb{}\u00bb][et_pb_column type=\u00bb1_3&#8243; _builder_version=\u00bb4.17.3&#8243; _module_preset=\u00bbdefault\u00bb global_colors_info=\u00bb{}\u00bb][et_pb_blurb use_icon=\u00bbon\u00bb font_icon=\u00bb&#xf0d6;||fa||900&#8243; icon_color=\u00bb#cbaa50&#8243; image_icon_width=\u00bb4em\u00bb module_class=\u00bbblurbHeight\u00bb _builder_version=\u00bb4.17.3&#8243; _module_preset=\u00bbdefault\u00bb background_color=\u00bb#f5f5f5&#8243; custom_margin=\u00bb||||false|false\u00bb custom_padding=\u00bb10px|5px|15px|5px|false|false\u00bb animation=\u00bboff\u00bb border_width_all=\u00bb1px\u00bb global_colors_info=\u00bb{}\u00bb]<\/p>\n<p style=\"text-align: center;\">Habitaciones privadas totalmente amuebladas a partir de $400 USD por mes.<\/p>\n<p>[\/et_pb_blurb][\/et_pb_column][et_pb_column type=\u00bb1_3&#8243; _builder_version=\u00bb4.17.3&#8243; _module_preset=\u00bbdefault\u00bb global_colors_info=\u00bb{}\u00bb][\/et_pb_column][et_pb_column type=\u00bb1_3&#8243; _builder_version=\u00bb4.17.3&#8243; _module_preset=\u00bbdefault\u00bb global_colors_info=\u00bb{}\u00bb][et_pb_blurb use_icon=\u00bbon\u00bb font_icon=\u00bb&#xf73b;||fa||900&#8243; icon_color=\u00bb#cbaa50&#8243; image_icon_width=\u00bb4em\u00bb module_class=\u00bbblurbHeight\u00bb _builder_version=\u00bb4.17.3&#8243; _module_preset=\u00bbdefault\u00bb background_color=\u00bb#f5f5f5&#8243; custom_margin=\u00bb||||false|false\u00bb custom_padding=\u00bb10px|5px|15px|5px|false|false\u00bb animation=\u00bboff\u00bb border_width_all=\u00bb1px\u00bb global_colors_info=\u00bb{}\u00bb]<\/p>\n<p style=\"text-align: center;\">\u00a1Podemos acomodar grupos de hasta 50 personas!<\/p>\n<p>[\/et_pb_blurb][\/et_pb_column][\/et_pb_row][et_pb_row column_structure=\u00bb1_2,1_2&#8243; _builder_version=\u00bb4.17.3&#8243; _module_preset=\u00bbdefault\u00bb max_width=\u00bb1920px\u00bb global_colors_info=\u00bb{}\u00bb][et_pb_column type=\u00bb1_2&#8243; _builder_version=\u00bb4.17.3&#8243; _module_preset=\u00bbdefault\u00bb global_colors_info=\u00bb{}\u00bb][et_pb_image src=\u00bbhttp:\/\/ihmedellin.com\/wp-content\/uploads\/2022\/05\/rooftop-medellin.jpg\u00bb title_text=\u00bbrooftop-medellin\u00bb _builder_version=\u00bb4.17.3&#8243; _module_preset=\u00bbdefault\u00bb background_color=\u00bb#FFFFFF\u00bb background_enable_image=\u00bboff\u00bb global_colors_info=\u00bb{}\u00bb][\/et_pb_image][\/et_pb_column][et_pb_column type=\u00bb1_2&#8243; _builder_version=\u00bb4.17.3&#8243; _module_preset=\u00bbdefault\u00bb global_colors_info=\u00bb{}\u00bb][et_pb_text _builder_version=\u00bb4.17.3&#8243; _module_preset=\u00bbdefault\u00bb global_colors_info=\u00bb{}\u00bb]<\/p>\n<h2 style=\"text-align: center;\">Nuestro servicio incluye<\/h2>\n<ul>\n<li>Sauna\n<li>Cocina en la terraza y zona para asados\n<li>Lavadora \/ secadora\n<li>14 ba\u00f1os\n<li>Terraza con techo corredizo\n<li>Vista de 360 grados de Medell\u00edn\n<li>Acceso a las piscinas de la unidad deportiva de Belen (hay que pagar la entrada; en ciertos horarios es gratis)\n<li>Acceso a las canchas de tenis, futbol y basquetbol (puede tener un costo y a veces hay que reservar las canchas con anticipacion)\n<li>Clases de aer\u00f3bicos y yoga gratis\n<\/ul>\n<p>[\/et_pb_text][\/et_pb_column][\/et_pb_row][et_pb_row _builder_version=\u00bb4.17.3&#8243; _module_preset=\u00bbdefault\u00bb max_width=\u00bb1920px\u00bb global_colors_info=\u00bb{}\u00bb][et_pb_column type=\u00bb4_4&#8243; _builder_version=\u00bb4.17.3&#8243; _module_preset=\u00bbdefault\u00bb global_colors_info=\u00bb{}\u00bb][et_pb_text _builder_version=\u00bb4.17.3&#8243; _module_preset=\u00bbdefault\u00bb global_colors_info=\u00bb{}\u00bb]<\/p>\n<h3 style=\"text-align: center; font-weight: 600 !important; font-size: 40px; font-family: 'Cantata One'; color: #c8a74f;\">Clases de Espa\u00f1ol cerca al International House<\/h3>\n<p>[\/et_pb_text][\/et_pb_column][\/et_pb_row][et_pb_row column_structure=\u00bb1_2,1_2&#8243; _builder_version=\u00bb4.17.3&#8243; _module_preset=\u00bbdefault\u00bb max_width=\u00bb1920px\u00bb global_colors_info=\u00bb{}\u00bb][et_pb_column type=\u00bb1_2&#8243; _builder_version=\u00bb4.17.3&#8243; _module_preset=\u00bbdefault\u00bb global_colors_info=\u00bb{}\u00bb][et_pb_image src=\u00bbhttp:\/\/ihmedellin.com\/wp-content\/uploads\/2022\/05\/upb-logo.jpg\u00bb title_text=\u00bbupb-logo\u00bb _builder_version=\u00bb4.17.3&#8243; _module_preset=\u00bbdefault\u00bb max_width=\u00bb50%\u00bb max_height=\u00bb50%\u00bb global_colors_info=\u00bb{}\u00bb][\/et_pb_image][\/et_pb_column][et_pb_column type=\u00bb1_2&#8243; _builder_version=\u00bb4.17.3&#8243; _module_preset=\u00bbdefault\u00bb global_colors_info=\u00bb{}\u00bb][et_pb_text _builder_version=\u00bb4.17.3&#8243; _module_preset=\u00bbdefault\u00bb global_colors_info=\u00bb{}\u00bb]<\/p>\n<div style=\"color: #5d5d5d;\"><a style=\"color: #c8a74f;\" href=\"http:\/\/www.upb.edu.co\/portal\/page?_pageid=954,1&amp;_dad=portal&amp;_schema=PORTAL\" target=\"_blank\" rel=\"noopener noreferrer\"> La UPB Universidad Pontificia Bolivariana<\/a> cuenta con un centro de idiomas dirigido por Gustavo Jaramillo Cardona<a style=\"color: #c8a74f;\" href=\"mailto:Gustavo.jaramillo@upb.edu.co\">(Gustavo.jaramillo@upb.edu.co<\/a>, (57-4)-354-4564). Tienen 14 niveles de espa\u00f1ol y ofrecen clases grupales a 17,000 COP (9), semi-privadas a 26,000 COP ($14) and privadas a 44,000 COP ($24).<\/div>\n<p>[\/et_pb_text][\/et_pb_column][\/et_pb_row][et_pb_row _builder_version=\u00bb4.17.3&#8243; _module_preset=\u00bbdefault\u00bb max_width=\u00bb1920px\u00bb global_colors_info=\u00bb{}\u00bb][et_pb_column type=\u00bb4_4&#8243; _builder_version=\u00bb4.17.3&#8243; _module_preset=\u00bbdefault\u00bb global_colors_info=\u00bb{}\u00bb][lwp_image_carousel gallery_ids=\u00bb242834,242754,242898,242788,242776&#8243; slides_show=\u00bb5&#8243; show_dots=\u00bboff\u00bb show_arrows=\u00bboff\u00bb _builder_version=\u00bb4.17.3&#8243; _module_preset=\u00bbdefault\u00bb width=\u00bb100%\u00bb global_colors_info=\u00bb{}\u00bb][\/lwp_image_carousel][\/et_pb_column][\/et_pb_row][\/et_pb_section]<\/p>\n","protected":false},"excerpt":{"rendered":"<p>CON\u00d3CENOSSobre International House MedellinEl propietario ha vivido y trabajado en Italia, Israel, Jap\u00f3n y Cuba, y ahora 12 a\u00f1os en Colombia y puede ofrecer muchos consejos sobre Medell\u00edn. A 10 minutos a pie encontrar\u00e1 clases de espa\u00f1ol y salsa. Podemos ayudarle a reservar cualquiera de los dos tours de Pablo Escobar, un tour gratis a [&hellip;]<\/p>\n","protected":false},"author":1,"featured_media":0,"parent":0,"menu_order":0,"comment_status":"closed","ping_status":"closed","template":"","meta":{"_et_pb_use_builder":"on","_et_pb_old_content":"","_et_gb_content_width":"","footnotes":""},"class_list":["post-242331","page","type-page","status-publish","hentry"],"yoast_head":"<!-- This site is optimized with the Yoast SEO plugin v20.8 - https:\/\/yoast.com\/wordpress\/plugins\/seo\/ -->\n<title>nosotros - International House Medell\u00edn<\/title>\n<meta name=\"robots\" content=\"index, follow, max-snippet:-1, max-image-preview:large, max-video-preview:-1\" \/>\n<link rel=\"canonical\" href=\"https:\/\/ihmedellin.com\/es\/nosotros\/\" \/>\n<meta property=\"og:locale\" content=\"es_ES\" \/>\n<meta property=\"og:type\" content=\"article\" \/>\n<meta property=\"og:title\" content=\"nosotros - International House Medell\u00edn\" \/>\n<meta property=\"og:description\" content=\"CON\u00d3CENOSSobre International House MedellinEl propietario ha vivido y trabajado en Italia, Israel, Jap\u00f3n y Cuba, y ahora 12 a\u00f1os en Colombia y puede ofrecer muchos consejos sobre Medell\u00edn. A 10 minutos a pie encontrar\u00e1 clases de espa\u00f1ol y salsa. Podemos ayudarle a reservar cualquiera de los dos tours de Pablo Escobar, un tour gratis a [&hellip;]\" \/>\n<meta property=\"og:url\" content=\"https:\/\/ihmedellin.com\/es\/nosotros\/\" \/>\n<meta property=\"og:site_name\" content=\"International House Medell\u00edn\" \/>\n<meta property=\"article:modified_time\" content=\"2022-05-08T22:44:33+00:00\" \/>\n<meta name=\"twitter:card\" content=\"summary_large_image\" \/>\n<meta name=\"twitter:label1\" content=\"Tiempo de lectura\" \/>\n\t<meta name=\"twitter:data1\" content=\"6 minutos\" \/>\n<script type=\"application\/ld+json\" class=\"yoast-schema-graph\">{\"@context\":\"https:\/\/schema.org\",\"@graph\":[{\"@type\":[\"WebPage\",\"AboutPage\"],\"@id\":\"https:\/\/ihmedellin.com\/es\/nosotros\/\",\"url\":\"https:\/\/ihmedellin.com\/es\/nosotros\/\",\"name\":\"nosotros - International House Medell\u00edn\",\"isPartOf\":{\"@id\":\"https:\/\/ihmedellin.com\/#website\"},\"datePublished\":\"2022-04-28T00:22:43+00:00\",\"dateModified\":\"2022-05-08T22:44:33+00:00\",\"breadcrumb\":{\"@id\":\"https:\/\/ihmedellin.com\/es\/nosotros\/#breadcrumb\"},\"inLanguage\":\"es\",\"potentialAction\":[{\"@type\":\"ReadAction\",\"target\":[\"https:\/\/ihmedellin.com\/es\/nosotros\/\"]}]},{\"@type\":\"BreadcrumbList\",\"@id\":\"https:\/\/ihmedellin.com\/es\/nosotros\/#breadcrumb\",\"itemListElement\":[{\"@type\":\"ListItem\",\"position\":1,\"name\":\"Home\",\"item\":\"https:\/\/ihmedellin.com\/es\/best-co-living-in-medellin\/\"},{\"@type\":\"ListItem\",\"position\":2,\"name\":\"nosotros\"}]},{\"@type\":\"WebSite\",\"@id\":\"https:\/\/ihmedellin.com\/#website\",\"url\":\"https:\/\/ihmedellin.com\/\",\"name\":\"International House Medell\u00edn\",\"description\":\"Best co-living space in Medellin\",\"potentialAction\":[{\"@type\":\"SearchAction\",\"target\":{\"@type\":\"EntryPoint\",\"urlTemplate\":\"https:\/\/ihmedellin.com\/?s={search_term_string}\"},\"query-input\":\"required name=search_term_string\"}],\"inLanguage\":\"es\"}]}<\/script>\n<!-- \/ Yoast SEO plugin. -->","yoast_head_json":{"title":"nosotros - International House Medell\u00edn","robots":{"index":"index","follow":"follow","max-snippet":"max-snippet:-1","max-image-preview":"max-image-preview:large","max-video-preview":"max-video-preview:-1"},"canonical":"https:\/\/ihmedellin.com\/es\/nosotros\/","og_locale":"es_ES","og_type":"article","og_title":"nosotros - International House Medell\u00edn","og_description":"CON\u00d3CENOSSobre International House MedellinEl propietario ha vivido y trabajado en Italia, Israel, Jap\u00f3n y Cuba, y ahora 12 a\u00f1os en Colombia y puede ofrecer muchos consejos sobre Medell\u00edn. A 10 minutos a pie encontrar\u00e1 clases de espa\u00f1ol y salsa. Podemos ayudarle a reservar cualquiera de los dos tours de Pablo Escobar, un tour gratis a [&hellip;]","og_url":"https:\/\/ihmedellin.com\/es\/nosotros\/","og_site_name":"International House Medell\u00edn","article_modified_time":"2022-05-08T22:44:33+00:00","twitter_card":"summary_large_image","twitter_misc":{"Tiempo de lectura":"6 minutos"},"schema":{"@context":"https:\/\/schema.org","@graph":[{"@type":["WebPage","AboutPage"],"@id":"https:\/\/ihmedellin.com\/es\/nosotros\/","url":"https:\/\/ihmedellin.com\/es\/nosotros\/","name":"nosotros - International House Medell\u00edn","isPartOf":{"@id":"https:\/\/ihmedellin.com\/#website"},"datePublished":"2022-04-28T00:22:43+00:00","dateModified":"2022-05-08T22:44:33+00:00","breadcrumb":{"@id":"https:\/\/ihmedellin.com\/es\/nosotros\/#breadcrumb"},"inLanguage":"es","potentialAction":[{"@type":"ReadAction","target":["https:\/\/ihmedellin.com\/es\/nosotros\/"]}]},{"@type":"BreadcrumbList","@id":"https:\/\/ihmedellin.com\/es\/nosotros\/#breadcrumb","itemListElement":[{"@type":"ListItem","position":1,"name":"Home","item":"https:\/\/ihmedellin.com\/es\/best-co-living-in-medellin\/"},{"@type":"ListItem","position":2,"name":"nosotros"}]},{"@type":"WebSite","@id":"https:\/\/ihmedellin.com\/#website","url":"https:\/\/ihmedellin.com\/","name":"International House Medell\u00edn","description":"Best co-living space in Medellin","potentialAction":[{"@type":"SearchAction","target":{"@type":"EntryPoint","urlTemplate":"https:\/\/ihmedellin.com\/?s={search_term_string}"},"query-input":"required name=search_term_string"}],"inLanguage":"es"}]}},"_links":{"self":[{"href":"https:\/\/ihmedellin.com\/es\/wp-json\/wp\/v2\/pages\/242331","targetHints":{"allow":["GET"]}}],"collection":[{"href":"https:\/\/ihmedellin.com\/es\/wp-json\/wp\/v2\/pages"}],"about":[{"href":"https:\/\/ihmedellin.com\/es\/wp-json\/wp\/v2\/types\/page"}],"author":[{"embeddable":true,"href":"https:\/\/ihmedellin.com\/es\/wp-json\/wp\/v2\/users\/1"}],"replies":[{"embeddable":true,"href":"https:\/\/ihmedellin.com\/es\/wp-json\/wp\/v2\/comments?post=242331"}],"version-history":[{"count":37,"href":"https:\/\/ihmedellin.com\/es\/wp-json\/wp\/v2\/pages\/242331\/revisions"}],"predecessor-version":[{"id":243051,"href":"https:\/\/ihmedellin.com\/es\/wp-json\/wp\/v2\/pages\/242331\/revisions\/243051"}],"wp:attachment":[{"href":"https:\/\/ihmedellin.com\/es\/wp-json\/wp\/v2\/media?parent=242331"}],"curies":[{"name":"wp","href":"https:\/\/api.w.org\/{rel}","templated":true}]}}