{"id":242292,"date":"2022-05-01T16:28:50","date_gmt":"2022-05-01T16:28:50","guid":{"rendered":"https:\/\/ihmedellin.com\/es\/contact-us\/"},"modified":"2023-06-04T16:23:00","modified_gmt":"2023-06-04T16:23:00","slug":"contacto","status":"publish","type":"page","link":"https:\/\/ihmedellin.com\/es\/contacto\/","title":{"rendered":"contacto"},"content":{"rendered":"<p>[et_pb_section fb_built=\u00bb1&#8243; fullwidth=\u00bbon\u00bb _builder_version=\u00bb4.17.3&#8243; _module_preset=\u00bbdefault\u00bb global_colors_info=\u00bb{}\u00bb][et_pb_fullwidth_slider _builder_version=\u00bb4.17.3&#8243; _module_preset=\u00bbdefault\u00bb header_font=\u00bb|600|||||||\u00bb header_font_size=\u00bb59px\u00bb background_image=\u00bbhttps:\/\/ihmedellin.com\/wp-content\/uploads\/2016\/06\/explore-tourism-medellin.jpg\u00bb global_colors_info=\u00bb{}\u00bb][et_pb_slide heading=\u00bbConozc\u00e1monos\u00bb _builder_version=\u00bb4.17.3&#8243; _module_preset=\u00bbdefault\u00bb background_color=\u00bb#FFFFFF\u00bb background_enable_color=\u00bbon\u00bb background_image=\u00bbhttps:\/\/ihmedellin.com\/wp-content\/uploads\/2022\/05\/contact-hostel-ihmedellin.jpg\u00bb background_enable_image=\u00bbon\u00bb global_colors_info=\u00bb{}\u00bb sticky_transition=\u00bbon\u00bb]CONT\u00c1CTENOS[\/et_pb_slide][\/et_pb_fullwidth_slider][\/et_pb_section][et_pb_section fb_built=\u00bb1&#8243; _builder_version=\u00bb4.17.3&#8243; _module_preset=\u00bbdefault\u00bb background_color=\u00bb#c8a74f\u00bb global_colors_info=\u00bb{}\u00bb][et_pb_row admin_label=\u00bbFila\u00bb _builder_version=\u00bb4.17.3&#8243; _module_preset=\u00bbdefault\u00bb global_colors_info=\u00bb{}\u00bb][et_pb_column type=\u00bb4_4&#8243; _builder_version=\u00bb4.17.3&#8243; _module_preset=\u00bbdefault\u00bb global_colors_info=\u00bb{}\u00bb][et_pb_text _builder_version=\u00bb4.17.3&#8243; _module_preset=\u00bbdefault\u00bb global_colors_info=\u00bb{}\u00bb]<\/p>\n<h1 style=\"text-align: center; font-weight: 600 !important; font-size: 45px;font-family: 'Cantata One'; color: #ffffff;\">Contactar a International House Medell\u00edn<\/h1>\n<p>[\/et_pb_text][\/et_pb_column][\/et_pb_row][et_pb_row column_structure=\u00bb1_2,1_2&#8243; _builder_version=\u00bb4.17.3&#8243; _module_preset=\u00bbdefault\u00bb max_width=\u00bb1920px\u00bb global_colors_info=\u00bb{}\u00bb][et_pb_column type=\u00bb1_2&#8243; _builder_version=\u00bb4.17.3&#8243; _module_preset=\u00bbdefault\u00bb global_colors_info=\u00bb{}\u00bb][et_pb_text _builder_version=\u00bb4.17.3&#8243; _module_preset=\u00bbdefault\u00bb background_color=\u00bb#c8a74f\u00bb global_colors_info=\u00bb{}\u00bb]<\/p>\n<h2 style=\"text-align: center;color: #ffffff\">Cont\u00e1ctenos hoy<\/h2>\n<p style=\"text-align: center; letter-spacing: 4px;color: #ffffff\">Reserve sus Pr\u00f3ximas Vacaciones!<\/p>\n<p style=\"text-align: center;color: #ffffff; font-size: 16px;\">\u00bfInteresado en pasar un tiempo en la ciudad de la eterna primavera? Medell\u00edn gana el apodo con su perfectamente clima primaveral durante todo el a\u00f1o. International House Medell\u00edn ofrece la oportunidad de experimentar la segunda ciudad m\u00e1s grande de Colombia con todas las comodidades de su propio apartamento (pero m\u00e1s econ\u00f3mico!).<br \/>\nInternational House es hogar de los viajeros, extranjeros y colombianos, creando una sensaci\u00f3n de comunidad para aquellos nuevos visitantes de la ciudad y un ambiente agradable que hace que sea dif\u00edcil dejar.<\/p>\n<p style=\"text-align: center;color: #ffffff; font-size: 16px;\"><strong>Oficina: <\/strong> Calle 32B # 66C &#8211; 06 Bel\u00e9n Rosales, Medell\u00edn, Colombia.<\/p>\n<p style=\"text-align: center;color: #ffffff; font-size: 16px;\"><strong>Celular + Whatsapp:<\/strong> + (57) 316 691 35 15<\/p>\n<p>[\/et_pb_text][et_pb_button button_url=\u00bbhttps:\/\/hotels.cloudbeds.com\/reservation\/lkJJa4&#8243; url_new_window=\u00bbon\u00bb button_text=\u00bbRESERVAR AHORA\u00bb button_alignment=\u00bbcenter\u00bb _builder_version=\u00bb4.21.0&#8243; _module_preset=\u00bbdefault\u00bb custom_button=\u00bbon\u00bb button_text_color=\u00bb#FFFFFF\u00bb hover_enabled=\u00bb0&#8243; global_colors_info=\u00bb{}\u00bb sticky_enabled=\u00bb0&#8243;][\/et_pb_button][\/et_pb_column][et_pb_column type=\u00bb1_2&#8243; _builder_version=\u00bb4.17.3&#8243; _module_preset=\u00bbdefault\u00bb global_colors_info=\u00bb{}\u00bb][et_pb_code _builder_version=\u00bb4.17.3&#8243; _module_preset=\u00bbdefault\u00bb global_colors_info=\u00bb{}\u00bb]\n<div class=\"wpcf7 no-js\" id=\"wpcf7-f242129-o1\" lang=\"en-US\" dir=\"ltr\">\n<div class=\"screen-reader-response\"><p role=\"status\" aria-live=\"polite\" aria-atomic=\"true\"><\/p> <ul><\/ul><\/div>\n<form action=\"\/es\/wp-json\/wp\/v2\/pages\/242292#wpcf7-f242129-o1\" method=\"post\" class=\"wpcf7-form init\" aria-label=\"Contact form\" novalidate=\"novalidate\" data-status=\"init\">\n<div style=\"display: none;\">\n<input type=\"hidden\" name=\"_wpcf7\" value=\"242129\" \/>\n<input type=\"hidden\" name=\"_wpcf7_version\" value=\"5.7.7\" \/>\n<input type=\"hidden\" name=\"_wpcf7_locale\" value=\"en_US\" \/>\n<input type=\"hidden\" name=\"_wpcf7_unit_tag\" value=\"wpcf7-f242129-o1\" \/>\n<input type=\"hidden\" name=\"_wpcf7_container_post\" value=\"0\" \/>\n<input type=\"hidden\" name=\"_wpcf7_posted_data_hash\" value=\"\" \/>\n<input type=\"hidden\" name=\"_wpcf7_recaptcha_response\" value=\"\" \/>\n<\/div>\n<p><span class=\"wpcf7-form-control-wrap\" data-name=\"your-name\"><input size=\"40\" class=\"wpcf7-form-control wpcf7-text wpcf7-validates-as-required\" aria-required=\"true\" aria-invalid=\"false\" placeholder=\"Nombre\" value=\"\" type=\"text\" name=\"your-name\" \/><\/span>\n<\/p>\n<p><span class=\"wpcf7-form-control-wrap\" data-name=\"your-tel\"><input size=\"40\" class=\"wpcf7-form-control wpcf7-text wpcf7-validates-as-required\" aria-required=\"true\" aria-invalid=\"false\" placeholder=\"Tel\u00e9fono\" value=\"\" type=\"text\" name=\"your-tel\" \/><\/span>\n<\/p>\n<p><span class=\"wpcf7-form-control-wrap\" data-name=\"your-email\"><input size=\"40\" class=\"wpcf7-form-control wpcf7-text wpcf7-email wpcf7-validates-as-required wpcf7-validates-as-email\" aria-required=\"true\" aria-invalid=\"false\" placeholder=\"Email\" value=\"\" type=\"email\" name=\"your-email\" \/><\/span>\n<\/p>\n<p><span class=\"wpcf7-form-control-wrap\" data-name=\"your-subject\"><input size=\"40\" class=\"wpcf7-form-control wpcf7-text\" aria-invalid=\"false\" placeholder=\"Asunto\" value=\"\" type=\"text\" name=\"your-subject\" \/><\/span>\n<\/p>\n<p><span class=\"wpcf7-form-control-wrap\" data-name=\"your-message\"><textarea cols=\"40\" rows=\"10\" class=\"wpcf7-form-control wpcf7-textarea wpcf7-validates-as-required\" aria-required=\"true\" aria-invalid=\"false\" placeholder=\"Mensaje\" name=\"your-message\"><\/textarea><\/span>\n<\/p>\n\n<p><input class=\"wpcf7-form-control has-spinner wpcf7-submit\" type=\"submit\" value=\"Enviar Mensaje\" \/>\n<\/p><div class=\"wpcf7-response-output\" aria-hidden=\"true\"><\/div>\n<\/form>\n<\/div>\n[\/et_pb_code][\/et_pb_column][\/et_pb_row][\/et_pb_section][et_pb_section fb_built=\u00bb1&#8243; _builder_version=\u00bb4.17.3&#8243; _module_preset=\u00bbdefault\u00bb background_color=\u00bb#c1272d\u00bb global_colors_info=\u00bb{}\u00bb][et_pb_row _builder_version=\u00bb4.17.3&#8243; _module_preset=\u00bbdefault\u00bb background_color=\u00bb#c1272d\u00bb max_width=\u00bb1920px\u00bb global_colors_info=\u00bb{}\u00bb][et_pb_column type=\u00bb4_4&#8243; _builder_version=\u00bb4.17.3&#8243; _module_preset=\u00bbdefault\u00bb global_colors_info=\u00bb{}\u00bb][et_pb_text _builder_version=\u00bb4.17.3&#8243; _module_preset=\u00bbdefault\u00bb global_colors_info=\u00bb{}\u00bb]<\/p>\n<h2 style=\"text-align: center; font-weight: 600 !important; font-size: 40px;font-family: 'Cantata One'; color: #ffffff;\">Direcciones para llegar<\/h2>\n<p>[\/et_pb_text][\/et_pb_column][\/et_pb_row][et_pb_row column_structure=\u00bb1_2,1_2&#8243; _builder_version=\u00bb4.17.3&#8243; _module_preset=\u00bbdefault\u00bb max_width=\u00bb1920px\u00bb global_colors_info=\u00bb{}\u00bb][et_pb_column type=\u00bb1_2&#8243; _builder_version=\u00bb4.17.3&#8243; _module_preset=\u00bbdefault\u00bb global_colors_info=\u00bb{}\u00bb][et_pb_text _builder_version=\u00bb4.20.0&#8243; _module_preset=\u00bbdefault\u00bb global_colors_info=\u00bb{}\u00bb]<\/p>\n<div style=\"color: #ffffff; font-size: 16px;\">\n<p style=\"text-align: center;\">Hola<\/p>\n<p >Estamos muy contentos de que hayas decidido quedarte con nosotros.<br \/>\nAqu\u00ed tienes una informaci\u00f3n para poder encontrarnos.<\/p>\n<p >Direcci\u00f3n: Calle 32B No. 66C-06, Bel\u00e9n Malibu, Medell\u00edn<br \/>\nTel\u00e9fono (marcando desde el extranjero) 57 316 691 3515 (en espa\u00f1ol)<br \/>\nDesde un celular de Colombia &#8212; 316 691 3515<br \/>\nDesde un fijo en Colombia &#8212; 604 316 691 3515<br \/>\nPara comunicarte en ingl\u00e9s &#8212; 316 691 3515<\/p>\n<p >Encu\u00e9ntranos f\u00e1cil\u2026 S\u00f3lo ve a Mapas de Google y busca International House Medell\u00edn.<br \/>\nEstamos a unas cuadras del Consulado Venezolano.<\/p>\n<\/div>\n<p>[\/et_pb_text][\/et_pb_column][et_pb_column type=\u00bb1_2&#8243; _builder_version=\u00bb4.17.3&#8243; _module_preset=\u00bbdefault\u00bb global_colors_info=\u00bb{}\u00bb][et_pb_text _builder_version=\u00bb4.20.0&#8243; _module_preset=\u00bbdefault\u00bb global_colors_info=\u00bb{}\u00bb]<\/p>\n<p style=\"color: #ffffff; font-size: 16px;\">El servicio de taxi desde el aeropuerto es seguro y confiable si usted sigue mis instrucciones:<\/p>\n<p style=\"color: #ffffff; font-size: 16px;\">International House Medell\u00edn esta alrededor de 30 minutes desde el aeropuerto.<\/p>\n<p style=\"color: #ffffff; font-size: 16px;\">A m\u00ed me gusta el taxi blanco con l\u00edneas azules, escoja el taxi y el conductor que usted desee, no tiene que tomar el taxi que ellos quieran o el primero en line, es su decisi\u00f3n. Son $98,000 pesos desde el aeropuerto a International House Medell\u00edn, la propina es opcional, es una tarifa fija, ellos no usan el tax\u00edmetro y tampoco cobran recargo tarde de la noche, etc.<\/p>\n<p style=\"color: #ffffff; font-size: 16px;\">Direcci\u00f3n: Calle 32B No. 66C-06 Bel\u00e9n Malib\u00fa<br \/>\nNos encontramos sobre la Calle 32b (4 cuadras m\u00e1s debajo del Consulado Venezolano).<br \/>\nSi el conductor no sabe d\u00f3nde queda la \u201cUnidad deportiva de Bel\u00e9n\u00bb cambia de taxi!<\/p>\n<p style=\"color: #ffffff; font-size: 16px;\">Dile a taxista \u00a8Vamos a la Unidad deportiva de Bel\u00e9n (entrada lateral #2) frente a la piscina y las canchas de baloncesto, en todo el frente de las canchas.<\/p>\n<p style=\"color: #ffffff; font-size: 16px;\">Recepci\u00f3n: celular\/WhatsApp (en el d\u00eda +57 317 458 1048)<br \/>\nAdministrador: celular\/WhatsApp +57 316 452 7420 (Leidy)<\/p>\n<p>[\/et_pb_text][\/et_pb_column][\/et_pb_row][\/et_pb_section]<\/p>\n","protected":false},"excerpt":{"rendered":"<p>CONT\u00c1CTENOSContactar a International House Medell\u00ednCont\u00e1ctenos hoy Reserve sus Pr\u00f3ximas Vacaciones! \u00bfInteresado en pasar un tiempo en la ciudad de la eterna primavera? Medell\u00edn gana el apodo con su perfectamente clima primaveral durante todo el a\u00f1o. International House Medell\u00edn ofrece la oportunidad de experimentar la segunda ciudad m\u00e1s grande de Colombia con todas las comodidades de [&hellip;]<\/p>\n","protected":false},"author":1,"featured_media":0,"parent":0,"menu_order":0,"comment_status":"closed","ping_status":"closed","template":"","meta":{"_et_pb_use_builder":"on","_et_pb_old_content":"[et_pb_section fb_built=\"1\" fullwidth=\"on\" _builder_version=\"4.17.3\" _module_preset=\"default\" global_colors_info=\"{}\"][et_pb_fullwidth_slider _builder_version=\"4.17.3\" _module_preset=\"default\" header_font=\"|600|||||||\" header_font_size=\"59px\" background_image=\"http:\/\/ihmedellin.com\/wp-content\/uploads\/2016\/06\/explore-tourism-medellin.jpg\" global_colors_info=\"{}\"][et_pb_slide heading=\"About Us\" _builder_version=\"4.17.3\" _module_preset=\"default\" background_image=\"http:\/\/ihmedellin.com\/wp-content\/uploads\/2016\/06\/explore-tourism-medellin.jpg\" background_enable_image=\"on\" global_colors_info=\"{}\" sticky_transition=\"on\"][\/et_pb_slide][\/et_pb_fullwidth_slider][\/et_pb_section][et_pb_section fb_built=\"1\" _builder_version=\"4.17.3\" _module_preset=\"default\" background_color=\"#000000\" global_colors_info=\"{}\"][et_pb_row _builder_version=\"4.17.3\" _module_preset=\"default\" global_colors_info=\"{}\"][et_pb_column type=\"4_4\" _builder_version=\"4.17.3\" _module_preset=\"default\" global_colors_info=\"{}\"][et_pb_text _builder_version=\"4.17.3\" _module_preset=\"default\" global_colors_info=\"{}\"]<h2 style=\"text-align: center; font-weight: 600 !important; font-size: 40px;font-family: 'Cantata One'; color: #c8a74f;\">About The Owner<\/h2>[\/et_pb_text][\/et_pb_column][\/et_pb_row][et_pb_row column_structure=\"1_2,1_2\" _builder_version=\"4.17.3\" _module_preset=\"default\" global_colors_info=\"{}\"][et_pb_column type=\"1_2\" _builder_version=\"4.17.3\" _module_preset=\"default\" global_colors_info=\"{}\"][et_pb_text _builder_version=\"4.17.3\" _module_preset=\"default\" global_colors_info=\"{}\"]<p style=\"color: #ffffff; font-size: 16px;\">Joel has lived and worked in Italy, Israel, Japan, and Cuba, and now 12 years in Colombia, and can offer a lot of advice about Medell\u00edn. Lately, Joel has been exploring his new found passion for cooking Colombian BBQ on the roof top terrace of his co-living.<\/p>\r\n<p style=\"color: #ffffff; font-size: 16px;\">We can help you book either of two Pablo Escobar tours, a free walking tour, a visit to a local brewery as well as paragliding and trips to neighboring villages like Guatape, Santa Fe de Antioquia, and Rio Claro.<\/p>\r\n<p style=\"color: #ffffff; font-size: 16px;\">Best of all we are a friendly, homely co-living owned and operated by a traveler like you.<\/p>[\/et_pb_text][\/et_pb_column][et_pb_column type=\"1_2\" _builder_version=\"4.17.3\" _module_preset=\"default\" global_colors_info=\"{}\"][et_pb_image src=\"http:\/\/ihmedellin.com\/wp-content\/uploads\/2014\/12\/foto-joel.png\" title_text=\"foto-joel\" _builder_version=\"4.17.3\" _module_preset=\"default\" max_width=\"50%\" max_height=\"50%\" global_colors_info=\"{}\"][\/et_pb_image][\/et_pb_column][\/et_pb_row][\/et_pb_section][et_pb_section fb_built=\"1\" fullwidth=\"on\" _builder_version=\"4.17.3\" _module_preset=\"default\" global_colors_info=\"{}\"][et_pb_fullwidth_header _builder_version=\"4.17.3\" _module_preset=\"default\" background_color=\"#c8a74f\" global_colors_info=\"{}\"]<h2 style=\"text-align: center; font-weight: 600 !important; font-size: 50px;font-family: 'Cantata One'; color: #ffffff;\">Affordable accommodations in Medell\u00edn for groups or individuals.<\/h2>[\/et_pb_fullwidth_header][\/et_pb_section][et_pb_section fb_built=\"1\" fullwidth=\"on\" _builder_version=\"4.17.3\" _module_preset=\"default\" global_colors_info=\"{}\"][et_pb_fullwidth_image src=\"http:\/\/ihmedellin.com\/wp-content\/uploads\/2014\/12\/airbnb-photos-link-1.jpg\" title_text=\"airbnb-photos-link-1\" url=\"https:\/\/www.airbnb.com.co\/rooms\/891910\" _builder_version=\"4.17.3\" _module_preset=\"default\" global_colors_info=\"{}\"][\/et_pb_fullwidth_image][\/et_pb_section][et_pb_section fb_built=\"1\" _builder_version=\"4.17.3\" _module_preset=\"default\" global_colors_info=\"{}\"][et_pb_row column_structure=\"1_5,1_5,1_5,1_5,1_5\" make_equal=\"on\" _builder_version=\"4.17.3\" _module_preset=\"default\" width=\"100%\" max_width=\"100%\" global_colors_info=\"{}\"][et_pb_column type=\"1_5\" _builder_version=\"4.17.3\" _module_preset=\"default\" global_colors_info=\"{}\"][et_pb_blurb use_icon=\"on\" font_icon=\"p||divi||400\" icon_color=\"#cbaa50\" image_icon_width=\"4em\" _builder_version=\"4.17.3\" _module_preset=\"default\" background_color=\"#f5f5f5\" custom_margin=\"||||false|false\" custom_padding=\"10px|5px|15px|5px|false|false\" animation=\"off\" border_width_all=\"1px\" global_colors_info=\"{}\"]<p>aaaaaaaaaaaaaaaaaaaaaaa<br \/>xxxxxxxxxxxxxxxxxxxxxxxxxx<br \/>xxxxxxxxxxxxxxxxxxxxxxxxx<\/p>[\/et_pb_blurb][\/et_pb_column][et_pb_column type=\"1_5\" _builder_version=\"4.17.3\" _module_preset=\"default\" global_colors_info=\"{}\"][et_pb_blurb use_icon=\"on\" font_icon=\"p||divi||400\" icon_color=\"#cbaa50\" image_icon_width=\"4em\" _builder_version=\"4.17.3\" _module_preset=\"default\" background_color=\"#f5f5f5\" custom_margin=\"||||false|false\" custom_padding=\"10px|5px|15px|5px|false|false\" animation=\"off\" border_width_all=\"1px\" global_colors_info=\"{}\"]<p>aaaaaaaaaaaaaaaaaaaaaaa<br \/>xxxxxxxxxxxxxxxxxxxxxxxxxx<br \/>xxxxxxxxxxxxxxxxxxxxxxxxx<\/p>[\/et_pb_blurb][\/et_pb_column][et_pb_column type=\"1_5\" _builder_version=\"4.17.3\" _module_preset=\"default\" global_colors_info=\"{}\"][et_pb_blurb use_icon=\"on\" font_icon=\"p||divi||400\" icon_color=\"#cbaa50\" image_icon_width=\"4em\" _builder_version=\"4.17.3\" _module_preset=\"default\" background_color=\"#f5f5f5\" custom_margin=\"||||false|false\" custom_padding=\"10px|5px|15px|5px|false|false\" animation=\"off\" border_width_all=\"1px\" global_colors_info=\"{}\"]<p>aaaaaaaaaaaaaaaaaaaaaaa<br \/>xxxxxxxxxxxxxxxxxxxxxxxxxx<br \/>xxxxxxxxxxxxxxxxxxxxxxxxx<\/p>[\/et_pb_blurb][\/et_pb_column][et_pb_column type=\"1_5\" _builder_version=\"4.17.3\" _module_preset=\"default\" global_colors_info=\"{}\"][et_pb_blurb use_icon=\"on\" font_icon=\"p||divi||400\" icon_color=\"#cbaa50\" image_icon_width=\"4em\" _builder_version=\"4.17.3\" _module_preset=\"default\" background_color=\"#f5f5f5\" custom_margin=\"||||false|false\" custom_padding=\"10px|5px|15px|5px|false|false\" animation=\"off\" border_width_all=\"1px\" global_colors_info=\"{}\"]<p>aaaaaaaaaaaaaaaaaaaaaaa<br \/>xxxxxxxxxxxxxxxxxxxxxxxxxx<br \/>xxxxxxxxxxxxxxxxxxxxxxxxx<\/p>[\/et_pb_blurb][\/et_pb_column][et_pb_column type=\"1_5\" _builder_version=\"4.17.3\" _module_preset=\"default\" global_colors_info=\"{}\"][et_pb_blurb use_icon=\"on\" font_icon=\"p||divi||400\" icon_color=\"#cbaa50\" image_icon_width=\"4em\" _builder_version=\"4.17.3\" _module_preset=\"default\" background_color=\"#f5f5f5\" custom_margin=\"||||false|false\" custom_padding=\"10px|5px|15px|5px|false|false\" animation=\"off\" border_width_all=\"1px\" global_colors_info=\"{}\"]<p>aaaaaaaaaaaaaaaaaaaaaaa<br \/>xxxxxxxxxxxxxxxxxxxxxxxxxx<br \/>xxxxxxxxxxxxxxxxxxxxxxxxx<\/p>[\/et_pb_blurb][\/et_pb_column][\/et_pb_row][\/et_pb_section]","_et_gb_content_width":"","footnotes":""},"class_list":["post-242292","page","type-page","status-publish","hentry"],"yoast_head":"<!-- This site is optimized with the Yoast SEO plugin v20.8 - https:\/\/yoast.com\/wordpress\/plugins\/seo\/ -->\n<title>contacto - International House Medell\u00edn<\/title>\n<meta name=\"robots\" content=\"index, follow, max-snippet:-1, max-image-preview:large, max-video-preview:-1\" \/>\n<link rel=\"canonical\" href=\"https:\/\/ihmedellin.com\/es\/contacto\/\" \/>\n<meta property=\"og:locale\" content=\"es_ES\" \/>\n<meta property=\"og:type\" content=\"article\" \/>\n<meta property=\"og:title\" content=\"contacto - International House Medell\u00edn\" \/>\n<meta property=\"og:description\" content=\"CONT\u00c1CTENOSContactar a International House Medell\u00ednCont\u00e1ctenos hoy Reserve sus Pr\u00f3ximas Vacaciones! \u00bfInteresado en pasar un tiempo en la ciudad de la eterna primavera? Medell\u00edn gana el apodo con su perfectamente clima primaveral durante todo el a\u00f1o. International House Medell\u00edn ofrece la oportunidad de experimentar la segunda ciudad m\u00e1s grande de Colombia con todas las comodidades de [&hellip;]\" \/>\n<meta property=\"og:url\" content=\"https:\/\/ihmedellin.com\/es\/contacto\/\" \/>\n<meta property=\"og:site_name\" content=\"International House Medell\u00edn\" \/>\n<meta property=\"article:modified_time\" content=\"2023-06-04T16:23:00+00:00\" \/>\n<meta name=\"twitter:card\" content=\"summary_large_image\" \/>\n<meta name=\"twitter:label1\" content=\"Tiempo de lectura\" \/>\n\t<meta name=\"twitter:data1\" content=\"3 minutos\" \/>\n<script type=\"application\/ld+json\" class=\"yoast-schema-graph\">{\"@context\":\"https:\/\/schema.org\",\"@graph\":[{\"@type\":[\"WebPage\",\"ContactPage\"],\"@id\":\"https:\/\/ihmedellin.com\/es\/contacto\/\",\"url\":\"https:\/\/ihmedellin.com\/es\/contacto\/\",\"name\":\"contacto - International House Medell\u00edn\",\"isPartOf\":{\"@id\":\"https:\/\/ihmedellin.com\/#website\"},\"datePublished\":\"2022-05-01T16:28:50+00:00\",\"dateModified\":\"2023-06-04T16:23:00+00:00\",\"breadcrumb\":{\"@id\":\"https:\/\/ihmedellin.com\/es\/contacto\/#breadcrumb\"},\"inLanguage\":\"es\",\"potentialAction\":[{\"@type\":\"ReadAction\",\"target\":[\"https:\/\/ihmedellin.com\/es\/contacto\/\"]}]},{\"@type\":\"BreadcrumbList\",\"@id\":\"https:\/\/ihmedellin.com\/es\/contacto\/#breadcrumb\",\"itemListElement\":[{\"@type\":\"ListItem\",\"position\":1,\"name\":\"Home\",\"item\":\"https:\/\/ihmedellin.com\/es\/best-co-living-in-medellin\/\"},{\"@type\":\"ListItem\",\"position\":2,\"name\":\"contacto\"}]},{\"@type\":\"WebSite\",\"@id\":\"https:\/\/ihmedellin.com\/#website\",\"url\":\"https:\/\/ihmedellin.com\/\",\"name\":\"International House Medell\u00edn\",\"description\":\"Best co-living space in Medellin\",\"potentialAction\":[{\"@type\":\"SearchAction\",\"target\":{\"@type\":\"EntryPoint\",\"urlTemplate\":\"https:\/\/ihmedellin.com\/?s={search_term_string}\"},\"query-input\":\"required name=search_term_string\"}],\"inLanguage\":\"es\"}]}<\/script>\n<!-- \/ Yoast SEO plugin. -->","yoast_head_json":{"title":"contacto - International House Medell\u00edn","robots":{"index":"index","follow":"follow","max-snippet":"max-snippet:-1","max-image-preview":"max-image-preview:large","max-video-preview":"max-video-preview:-1"},"canonical":"https:\/\/ihmedellin.com\/es\/contacto\/","og_locale":"es_ES","og_type":"article","og_title":"contacto - International House Medell\u00edn","og_description":"CONT\u00c1CTENOSContactar a International House Medell\u00ednCont\u00e1ctenos hoy Reserve sus Pr\u00f3ximas Vacaciones! \u00bfInteresado en pasar un tiempo en la ciudad de la eterna primavera? Medell\u00edn gana el apodo con su perfectamente clima primaveral durante todo el a\u00f1o. International House Medell\u00edn ofrece la oportunidad de experimentar la segunda ciudad m\u00e1s grande de Colombia con todas las comodidades de [&hellip;]","og_url":"https:\/\/ihmedellin.com\/es\/contacto\/","og_site_name":"International House Medell\u00edn","article_modified_time":"2023-06-04T16:23:00+00:00","twitter_card":"summary_large_image","twitter_misc":{"Tiempo de lectura":"3 minutos"},"schema":{"@context":"https:\/\/schema.org","@graph":[{"@type":["WebPage","ContactPage"],"@id":"https:\/\/ihmedellin.com\/es\/contacto\/","url":"https:\/\/ihmedellin.com\/es\/contacto\/","name":"contacto - International House Medell\u00edn","isPartOf":{"@id":"https:\/\/ihmedellin.com\/#website"},"datePublished":"2022-05-01T16:28:50+00:00","dateModified":"2023-06-04T16:23:00+00:00","breadcrumb":{"@id":"https:\/\/ihmedellin.com\/es\/contacto\/#breadcrumb"},"inLanguage":"es","potentialAction":[{"@type":"ReadAction","target":["https:\/\/ihmedellin.com\/es\/contacto\/"]}]},{"@type":"BreadcrumbList","@id":"https:\/\/ihmedellin.com\/es\/contacto\/#breadcrumb","itemListElement":[{"@type":"ListItem","position":1,"name":"Home","item":"https:\/\/ihmedellin.com\/es\/best-co-living-in-medellin\/"},{"@type":"ListItem","position":2,"name":"contacto"}]},{"@type":"WebSite","@id":"https:\/\/ihmedellin.com\/#website","url":"https:\/\/ihmedellin.com\/","name":"International House Medell\u00edn","description":"Best co-living space in Medellin","potentialAction":[{"@type":"SearchAction","target":{"@type":"EntryPoint","urlTemplate":"https:\/\/ihmedellin.com\/?s={search_term_string}"},"query-input":"required name=search_term_string"}],"inLanguage":"es"}]}},"_links":{"self":[{"href":"https:\/\/ihmedellin.com\/es\/wp-json\/wp\/v2\/pages\/242292","targetHints":{"allow":["GET"]}}],"collection":[{"href":"https:\/\/ihmedellin.com\/es\/wp-json\/wp\/v2\/pages"}],"about":[{"href":"https:\/\/ihmedellin.com\/es\/wp-json\/wp\/v2\/types\/page"}],"author":[{"embeddable":true,"href":"https:\/\/ihmedellin.com\/es\/wp-json\/wp\/v2\/users\/1"}],"replies":[{"embeddable":true,"href":"https:\/\/ihmedellin.com\/es\/wp-json\/wp\/v2\/comments?post=242292"}],"version-history":[{"count":18,"href":"https:\/\/ihmedellin.com\/es\/wp-json\/wp\/v2\/pages\/242292\/revisions"}],"predecessor-version":[{"id":243181,"href":"https:\/\/ihmedellin.com\/es\/wp-json\/wp\/v2\/pages\/242292\/revisions\/243181"}],"wp:attachment":[{"href":"https:\/\/ihmedellin.com\/es\/wp-json\/wp\/v2\/media?parent=242292"}],"curies":[{"name":"wp","href":"https:\/\/api.w.org\/{rel}","templated":true}]}}